{"id":51,"date":"2013-09-09T08:48:49","date_gmt":"2013-09-09T07:48:49","guid":{"rendered":"http:\/\/www.orchestreoctane.fr\/octawp\/?page_id=51"},"modified":"2026-04-04T06:07:51","modified_gmt":"2026-04-04T05:07:51","slug":"photos","status":"publish","type":"page","link":"http:\/\/www.orchestreoctane.fr\/octawp\/photos\/","title":{"rendered":"Photos"},"content":{"rendered":"<h3>Concert Eddy &#038; Johnny \u00e0 Servian<\/h3>\n<p>27 03 2026<\/p>\nngg_shortcode_0_placeholder\n<h3>L&rsquo;Orchestre OCTANE \u00e0 Pignan<\/h3>\n<p>17 08 2025<\/p>\nngg_shortcode_1_placeholder\n<h3>L&rsquo;Orchestre OCTANE \u00e0 Saint Jean de V\u00e9das<\/h3>\n<p>06 07 2025<\/p>\nngg_shortcode_2_placeholder\n<h3>L&rsquo;Orchestre OCTANE \u00e0 Marseillan<\/h3>\n<p>16 08 2025<\/p>\nngg_shortcode_3_placeholder\n<h3>L&rsquo;Orchestre OCTANE \u00e0 Pignan<\/h3>\n<p>21 07 2024<\/p>\nngg_shortcode_4_placeholder\n<h3>L&rsquo;Orchestre OCTANE \u00e0 Cournonsec<\/h3>\n<p>21 07 2024<\/p>\nngg_shortcode_5_placeholder\n<h3>L&rsquo;Orchestre OCTANE \u00e0 Villeneuve les Maguelone<\/h3>\n<p>11 07 2024<\/p>\nngg_shortcode_6_placeholder\n<h3>&nbsp;<\/h3>\n<h3>L&rsquo;Orchestre OCTANE \u00e0 Cournonsec<\/h3>\n<p>23 07 2023<\/p>\nngg_shortcode_7_placeholder\n<h3>L&rsquo;Orchestre OCTANE \u00e0 Saint Jean de V\u00e9das<\/h3>\n<p>02 07 2023<\/p>\nngg_shortcode_8_placeholder\n<h3>L&rsquo;Orchestre OCTANE \u00e0 Mireval<\/h3>\n<p>02 06 2023<\/p>\nngg_shortcode_9_placeholder\n<h3>L&rsquo;Orchestre OCTANE \u00e0 la Foire de printemps de Montpellier<\/h3>\n<p>17 03 2023<\/p>\nngg_shortcode_10_placeholder\n<h3>L&rsquo;Orchestre OCTANE \u00e0 Saint Jean de V\u00e9das<\/h3>\n<p>03 07 2022<\/p>\nngg_shortcode_11_placeholder\n<h3>L&rsquo;Orchestre Octane \u00e0 Lav\u00e9rune<\/h3>\n<p>05 08 2022<\/p>\nngg_shortcode_12_placeholder\n<h3>BlackFox \u00e0 Canet<\/h3>\n<p>04 06 2022<\/p>\nngg_shortcode_13_placeholder\n<h3>L&rsquo;Orchestre Octane \u00e0 Mauguio<\/h3>\n<p>13 08 2022<\/p>\nngg_shortcode_14_placeholder\n<h3>BlackFox \u00e0 Balaruc<\/h3>\n<p>27 08 2022<\/p>\nngg_shortcode_15_placeholder\n","protected":false},"excerpt":{"rendered":"<p>Concert Eddy &#038; Johnny \u00e0 Servian 27 03 2026 &nbsp; L&rsquo;Orchestre OCTANE \u00e0 Pignan 17 08 2025 &nbsp; L&rsquo;Orchestre OCTANE \u00e0 Saint Jean de V\u00e9das 06 07 2025 &nbsp; L&rsquo;Orchestre OCTANE \u00e0 Marseillan 16 08 2025 &nbsp; L&rsquo;Orchestre OCTANE \u00e0 Pignan 21 07 2024 &nbsp; L&rsquo;Orchestre OCTANE \u00e0 Cournonsec 21 07 2024 &nbsp; L&rsquo;Orchestre OCTANE [&hellip;]<\/p>\n","protected":false},"author":1,"featured_media":0,"parent":0,"menu_order":0,"comment_status":"closed","ping_status":"closed","template":"","meta":{"ngg_post_thumbnail":0,"footnotes":""},"class_list":["post-51","page","type-page","status-publish","hentry"],"_links":{"self":[{"href":"http:\/\/www.orchestreoctane.fr\/octawp\/wp-json\/wp\/v2\/pages\/51","targetHints":{"allow":["GET"]}}],"collection":[{"href":"http:\/\/www.orchestreoctane.fr\/octawp\/wp-json\/wp\/v2\/pages"}],"about":[{"href":"http:\/\/www.orchestreoctane.fr\/octawp\/wp-json\/wp\/v2\/types\/page"}],"author":[{"embeddable":true,"href":"http:\/\/www.orchestreoctane.fr\/octawp\/wp-json\/wp\/v2\/users\/1"}],"replies":[{"embeddable":true,"href":"http:\/\/www.orchestreoctane.fr\/octawp\/wp-json\/wp\/v2\/comments?post=51"}],"version-history":[{"count":36,"href":"http:\/\/www.orchestreoctane.fr\/octawp\/wp-json\/wp\/v2\/pages\/51\/revisions"}],"predecessor-version":[{"id":2741,"href":"http:\/\/www.orchestreoctane.fr\/octawp\/wp-json\/wp\/v2\/pages\/51\/revisions\/2741"}],"wp:attachment":[{"href":"http:\/\/www.orchestreoctane.fr\/octawp\/wp-json\/wp\/v2\/media?parent=51"}],"curies":[{"name":"wp","href":"https:\/\/api.w.org\/{rel}","templated":true}]}}