{"id":28,"date":"2013-09-09T00:53:53","date_gmt":"2013-09-08T23:53:53","guid":{"rendered":"http:\/\/www.orchestreoctane.fr\/octawp\/?page_id=28"},"modified":"2024-07-12T02:41:04","modified_gmt":"2024-07-12T01:41:04","slug":"evenements","status":"publish","type":"page","link":"http:\/\/www.orchestreoctane.fr\/octawp\/evenements\/","title":{"rendered":"\u00c9v\u00e8nements"},"content":{"rendered":"<p><a href=\"http:\/\/www.orchestreoctane.fr\/octawp\/wp-content\/uploads\/2024\/07\/Calendrier-2024-scaled.jpg\"><img loading=\"lazy\" decoding=\"async\" class=\"size-large wp-image-1790 aligncenter\" src=\"http:\/\/www.orchestreoctane.fr\/octawp\/wp-content\/uploads\/2024\/07\/Calendrier-2024-678x1024.jpg\" alt=\"\" width=\"678\" height=\"1024\" srcset=\"http:\/\/www.orchestreoctane.fr\/octawp\/wp-content\/uploads\/2024\/07\/Calendrier-2024-678x1024.jpg 678w, http:\/\/www.orchestreoctane.fr\/octawp\/wp-content\/uploads\/2024\/07\/Calendrier-2024-199x300.jpg 199w, http:\/\/www.orchestreoctane.fr\/octawp\/wp-content\/uploads\/2024\/07\/Calendrier-2024-768x1159.jpg 768w, http:\/\/www.orchestreoctane.fr\/octawp\/wp-content\/uploads\/2024\/07\/Calendrier-2024-1018x1536.jpg 1018w, http:\/\/www.orchestreoctane.fr\/octawp\/wp-content\/uploads\/2024\/07\/Calendrier-2024-1357x2048.jpg 1357w, http:\/\/www.orchestreoctane.fr\/octawp\/wp-content\/uploads\/2024\/07\/Calendrier-2024-994x1500.jpg 994w, http:\/\/www.orchestreoctane.fr\/octawp\/wp-content\/uploads\/2024\/07\/Calendrier-2024-467x705.jpg 467w, http:\/\/www.orchestreoctane.fr\/octawp\/wp-content\/uploads\/2024\/07\/Calendrier-2024-scaled.jpg 1696w\" sizes=\"auto, (max-width: 678px) 100vw, 678px\" \/><\/a><a href=\"http:\/\/www.orchestreoctane.fr\/octawp\/wp-content\/uploads\/2023\/05\/Calendrier_2023-scaled.jpg\"><img loading=\"lazy\" decoding=\"async\" class=\"size-large wp-image-1206 aligncenter\" src=\"http:\/\/www.orchestreoctane.fr\/octawp\/wp-content\/uploads\/2023\/05\/Calendrier_2023-678x1024.jpg\" alt=\"\" width=\"678\" height=\"1024\" srcset=\"http:\/\/www.orchestreoctane.fr\/octawp\/wp-content\/uploads\/2023\/05\/Calendrier_2023-678x1024.jpg 678w, http:\/\/www.orchestreoctane.fr\/octawp\/wp-content\/uploads\/2023\/05\/Calendrier_2023-199x300.jpg 199w, http:\/\/www.orchestreoctane.fr\/octawp\/wp-content\/uploads\/2023\/05\/Calendrier_2023-768x1159.jpg 768w, http:\/\/www.orchestreoctane.fr\/octawp\/wp-content\/uploads\/2023\/05\/Calendrier_2023-1018x1536.jpg 1018w, http:\/\/www.orchestreoctane.fr\/octawp\/wp-content\/uploads\/2023\/05\/Calendrier_2023-1357x2048.jpg 1357w, http:\/\/www.orchestreoctane.fr\/octawp\/wp-content\/uploads\/2023\/05\/Calendrier_2023-994x1500.jpg 994w, http:\/\/www.orchestreoctane.fr\/octawp\/wp-content\/uploads\/2023\/05\/Calendrier_2023-467x705.jpg 467w, http:\/\/www.orchestreoctane.fr\/octawp\/wp-content\/uploads\/2023\/05\/Calendrier_2023-scaled.jpg 1696w\" sizes=\"auto, (max-width: 678px) 100vw, 678px\" \/><\/a><\/p>\n<p>&nbsp;<\/p>\n<p style=\"text-align: center;\">Vous pouvez consulter notre page Facebook pour conna\u00eetre les \u00e9v\u00e8nements \u00e0 venir :<\/p>\n<p><a href=\"https:\/\/www.facebook.com\/octanemusicevents\" target=\"_blank\" rel=\"noopener\"><img loading=\"lazy\" decoding=\"async\" class=\"alignnone size-full wp-image-176 aligncenter\" src=\"http:\/\/www.orchestreoctane.fr\/octawp\/wp-content\/uploads\/2022\/01\/facebook-3.png\" alt=\"\" width=\"64\" height=\"64\"><\/a><\/p>\n<p>&nbsp;<\/p>\n<p>CONTENTS<\/p>\n<p><a href=\"http:\/\/www.orchestreoctane.fr\/octawp\/wp-content\/uploads\/2022\/08\/LogoOME2022-fdNr.600.jpg\"><img loading=\"lazy\" decoding=\"async\" class=\"size-medium wp-image-196 aligncenter\" src=\"http:\/\/www.orchestreoctane.fr\/octawp\/wp-content\/uploads\/2022\/08\/LogoOME2022-fdNr.600-300x97.jpg\" alt=\"\" width=\"300\" height=\"97\" srcset=\"http:\/\/www.orchestreoctane.fr\/octawp\/wp-content\/uploads\/2022\/08\/LogoOME2022-fdNr.600-300x97.jpg 300w, http:\/\/www.orchestreoctane.fr\/octawp\/wp-content\/uploads\/2022\/08\/LogoOME2022-fdNr.600.jpg 599w\" sizes=\"auto, (max-width: 300px) 100vw, 300px\" \/><\/a><\/p>\n","protected":false},"excerpt":{"rendered":"<p>CONTENTS<\/p>\n","protected":false},"author":1,"featured_media":0,"parent":0,"menu_order":0,"comment_status":"closed","ping_status":"closed","template":"","meta":{"ngg_post_thumbnail":0,"footnotes":""},"class_list":["post-28","page","type-page","status-publish","hentry"],"_links":{"self":[{"href":"http:\/\/www.orchestreoctane.fr\/octawp\/wp-json\/wp\/v2\/pages\/28","targetHints":{"allow":["GET"]}}],"collection":[{"href":"http:\/\/www.orchestreoctane.fr\/octawp\/wp-json\/wp\/v2\/pages"}],"about":[{"href":"http:\/\/www.orchestreoctane.fr\/octawp\/wp-json\/wp\/v2\/types\/page"}],"author":[{"embeddable":true,"href":"http:\/\/www.orchestreoctane.fr\/octawp\/wp-json\/wp\/v2\/users\/1"}],"replies":[{"embeddable":true,"href":"http:\/\/www.orchestreoctane.fr\/octawp\/wp-json\/wp\/v2\/comments?post=28"}],"version-history":[{"count":8,"href":"http:\/\/www.orchestreoctane.fr\/octawp\/wp-json\/wp\/v2\/pages\/28\/revisions"}],"predecessor-version":[{"id":1789,"href":"http:\/\/www.orchestreoctane.fr\/octawp\/wp-json\/wp\/v2\/pages\/28\/revisions\/1789"}],"wp:attachment":[{"href":"http:\/\/www.orchestreoctane.fr\/octawp\/wp-json\/wp\/v2\/media?parent=28"}],"curies":[{"name":"wp","href":"https:\/\/api.w.org\/{rel}","templated":true}]}}